{"id":13,"date":"2018-12-01T10:18:07","date_gmt":"2018-12-01T10:18:07","guid":{"rendered":"http:\/\/conference.oxy.host\/?page_id=96"},"modified":"2022-01-28T13:10:29","modified_gmt":"2022-01-28T18:10:29","slug":"nos-proprietees","status":"publish","type":"page","link":"https:\/\/tessierlahaye.com\/en\/our-properties\/","title":{"rendered":"OUR PROPERTIES"},"content":{"rendered":"","protected":false},"excerpt":{"rendered":"","protected":false},"author":1,"featured_media":0,"parent":0,"menu_order":0,"comment_status":"closed","ping_status":"closed","template":"","meta":{"_seopress_robots_primary_cat":"","_seopress_titles_title":"Maisons \u00e0 vendre dans le Haut-Richelieu et les environs","_seopress_titles_desc":"Consultez les propri\u00e9t\u00e9s, terrains et fermettes \u00e0 vendre de l\u2019\u00e9quipe Tessier-Lahaye sur notre site Web. Contactez-nous si vous ne trouvez pas ce que vous cherchez.","_seopress_robots_index":"","footnotes":""},"class_list":["post-13","page","type-page","status-publish","hentry"],"_links":{"self":[{"href":"https:\/\/tessierlahaye.com\/en\/wp-json\/wp\/v2\/pages\/13","targetHints":{"allow":["GET"]}}],"collection":[{"href":"https:\/\/tessierlahaye.com\/en\/wp-json\/wp\/v2\/pages"}],"about":[{"href":"https:\/\/tessierlahaye.com\/en\/wp-json\/wp\/v2\/types\/page"}],"author":[{"embeddable":true,"href":"https:\/\/tessierlahaye.com\/en\/wp-json\/wp\/v2\/users\/1"}],"replies":[{"embeddable":true,"href":"https:\/\/tessierlahaye.com\/en\/wp-json\/wp\/v2\/comments?post=13"}],"version-history":[{"count":6,"href":"https:\/\/tessierlahaye.com\/en\/wp-json\/wp\/v2\/pages\/13\/revisions"}],"predecessor-version":[{"id":4526,"href":"https:\/\/tessierlahaye.com\/en\/wp-json\/wp\/v2\/pages\/13\/revisions\/4526"}],"wp:attachment":[{"href":"https:\/\/tessierlahaye.com\/en\/wp-json\/wp\/v2\/media?parent=13"}],"curies":[{"name":"wp","href":"https:\/\/api.w.org\/{rel}","templated":true}]}}