{"id":21,"date":"2017-10-26T12:29:05","date_gmt":"2017-10-26T12:29:05","guid":{"rendered":"http:\/\/conference.oxy.host\/?page_id=4"},"modified":"2022-01-28T11:39:00","modified_gmt":"2022-01-28T16:39:00","slug":"accueil","status":"publish","type":"page","link":"https:\/\/tessierlahaye.com\/en\/","title":{"rendered":"Accueil"},"content":{"rendered":"","protected":false},"excerpt":{"rendered":"","protected":false},"author":1,"featured_media":0,"parent":0,"menu_order":0,"comment_status":"closed","ping_status":"closed","template":"","meta":{"_seopress_robots_primary_cat":"","_seopress_titles_title":"\u00c9quipe Tessier-Lahaye courtiers immobiliers | Groupe Sutton","_seopress_titles_desc":"Vous pr\u00e9voyez acheter ou vendre une propri\u00e9t\u00e9, un terrain ou une fermette en\r\nMont\u00e9r\u00e9gie? Faites appel \u00e0 nos experts en courtage immobilier d\u00e8s maintenant!","_seopress_robots_index":"","footnotes":""},"class_list":["post-21","page","type-page","status-publish","hentry"],"_links":{"self":[{"href":"https:\/\/tessierlahaye.com\/en\/wp-json\/wp\/v2\/pages\/21","targetHints":{"allow":["GET"]}}],"collection":[{"href":"https:\/\/tessierlahaye.com\/en\/wp-json\/wp\/v2\/pages"}],"about":[{"href":"https:\/\/tessierlahaye.com\/en\/wp-json\/wp\/v2\/types\/page"}],"author":[{"embeddable":true,"href":"https:\/\/tessierlahaye.com\/en\/wp-json\/wp\/v2\/users\/1"}],"replies":[{"embeddable":true,"href":"https:\/\/tessierlahaye.com\/en\/wp-json\/wp\/v2\/comments?post=21"}],"version-history":[{"count":2,"href":"https:\/\/tessierlahaye.com\/en\/wp-json\/wp\/v2\/pages\/21\/revisions"}],"predecessor-version":[{"id":42,"href":"https:\/\/tessierlahaye.com\/en\/wp-json\/wp\/v2\/pages\/21\/revisions\/42"}],"wp:attachment":[{"href":"https:\/\/tessierlahaye.com\/en\/wp-json\/wp\/v2\/media?parent=21"}],"curies":[{"name":"wp","href":"https:\/\/api.w.org\/{rel}","templated":true}]}}